{"id":2,"date":"2026-04-10T00:14:23","date_gmt":"2026-04-10T03:14:23","guid":{"rendered":"http:\/\/piotorroja.m7red.info\/?page_id=2"},"modified":"2026-04-10T14:46:25","modified_gmt":"2026-04-10T17:46:25","slug":"pagina-ejemplo","status":"publish","type":"page","link":"https:\/\/piotorroja.m7red.info\/?page_id=2","title":{"rendered":"\/bio"},"content":{"rendered":"\n<p class=\"is-style-default has-medium-font-size\">Cofundador de <strong>m7red<\/strong>, un grupo de investigaci\u00f3n centrado en escenarios complejos en la intersecci\u00f3n de medio ambiente, urbanismo, tecnolog\u00eda y pol\u00edtica. <\/p>\n\n\n\n<p class=\"is-style-default has-medium-font-size\">De 2009 a 2014, desarroll\u00f3 QPR, una plataforma de informaci\u00f3n sobre la re-composici\u00f3n ambiental del Riachuelo (QPR). En 2018, public\u00f3 <em>Mil Cuencas<\/em> (A Thousand Watersheds). <\/p>\n\n\n\n<p class=\"is-style-default has-medium-font-size\">Escribe y publica regularmente ensayos sobre t\u00e9cnica, construcci\u00f3n y territorio. <\/p>\n\n\n\n<p class=\"is-style-default has-medium-font-size\">En 2022 obtuvo el Grant de investigaci\u00f3n de la Fundaci\u00f3n Graham, sobre una cartograf\u00eda de la Cuenca del Plata, del cual hay un libro en preparaci\u00f3n.<\/p>\n\n\n\n<p class=\"has-medium-font-size\">Desde hace m\u00e1s de una d\u00e9cada organiza regularmente ciclos de reflexi\u00f3n y estudio sobre ambiente, territorio y tecnolog\u00eda desde el punto de vista de la est\u00e9tica y la arquitectura. <\/p>\n\n\n\n<p class=\"is-style-default has-medium-font-size\">En 2020, <strong>m7red <\/strong>fue galardonado con el Premio Prince Claus.<\/p>\n\n\n\n<figure class=\"wp-block-image size-large is-resized\"><img loading=\"lazy\" decoding=\"async\" width=\"683\" height=\"1024\" src=\"https:\/\/piotorroja.m7red.info\/wp-content\/uploads\/2026\/04\/ASOCIACION_AMIGOS_PT2-8-683x1024.jpg\" alt=\"\" class=\"wp-image-11\" style=\"width:300px\" srcset=\"https:\/\/piotorroja.m7red.info\/wp-content\/uploads\/2026\/04\/ASOCIACION_AMIGOS_PT2-8-683x1024.jpg 683w, https:\/\/piotorroja.m7red.info\/wp-content\/uploads\/2026\/04\/ASOCIACION_AMIGOS_PT2-8-200x300.jpg 200w, https:\/\/piotorroja.m7red.info\/wp-content\/uploads\/2026\/04\/ASOCIACION_AMIGOS_PT2-8-768x1152.jpg 768w, https:\/\/piotorroja.m7red.info\/wp-content\/uploads\/2026\/04\/ASOCIACION_AMIGOS_PT2-8-1024x1536.jpg 1024w, https:\/\/piotorroja.m7red.info\/wp-content\/uploads\/2026\/04\/ASOCIACION_AMIGOS_PT2-8-1365x2048.jpg 1365w, https:\/\/piotorroja.m7red.info\/wp-content\/uploads\/2026\/04\/ASOCIACION_AMIGOS_PT2-8-scaled.jpg 1707w\" sizes=\"auto, (max-width: 683px) 100vw, 683px\" \/><\/figure>\n\n\n\n<p><\/p>\n","protected":false},"excerpt":{"rendered":"<p>Cofundador de m7red, un grupo de investigaci\u00f3n centrado en escenarios complejos en la intersecci\u00f3n de medio ambiente, urbanismo, tecnolog\u00eda y pol\u00edtica. De 2009 a 2014, desarroll\u00f3 QPR, una plataforma de informaci\u00f3n sobre la re-composici\u00f3n ambiental del Riachuelo (QPR). En 2018, public\u00f3 Mil Cuencas (A Thousand Watersheds). Escribe y publica regularmente ensayos sobre t\u00e9cnica, construcci\u00f3n y [&hellip;]<\/p>\n","protected":false},"author":1,"featured_media":0,"parent":0,"menu_order":0,"comment_status":"closed","ping_status":"open","template":"","meta":{"footnotes":""},"class_list":["post-2","page","type-page","status-publish","hentry"],"_links":{"self":[{"href":"https:\/\/piotorroja.m7red.info\/index.php?rest_route=\/wp\/v2\/pages\/2","targetHints":{"allow":["GET"]}}],"collection":[{"href":"https:\/\/piotorroja.m7red.info\/index.php?rest_route=\/wp\/v2\/pages"}],"about":[{"href":"https:\/\/piotorroja.m7red.info\/index.php?rest_route=\/wp\/v2\/types\/page"}],"author":[{"embeddable":true,"href":"https:\/\/piotorroja.m7red.info\/index.php?rest_route=\/wp\/v2\/users\/1"}],"replies":[{"embeddable":true,"href":"https:\/\/piotorroja.m7red.info\/index.php?rest_route=%2Fwp%2Fv2%2Fcomments&post=2"}],"version-history":[{"count":6,"href":"https:\/\/piotorroja.m7red.info\/index.php?rest_route=\/wp\/v2\/pages\/2\/revisions"}],"predecessor-version":[{"id":59,"href":"https:\/\/piotorroja.m7red.info\/index.php?rest_route=\/wp\/v2\/pages\/2\/revisions\/59"}],"wp:attachment":[{"href":"https:\/\/piotorroja.m7red.info\/index.php?rest_route=%2Fwp%2Fv2%2Fmedia&parent=2"}],"curies":[{"name":"wp","href":"https:\/\/api.w.org\/{rel}","templated":true}]}}