{"id":18,"date":"2026-04-10T14:43:51","date_gmt":"2026-04-10T17:43:51","guid":{"rendered":"https:\/\/piotorroja.m7red.info\/?page_id=18"},"modified":"2026-04-15T17:07:47","modified_gmt":"2026-04-15T20:07:47","slug":"cursos-y-talleres","status":"publish","type":"page","link":"https:\/\/piotorroja.m7red.info\/?page_id=18","title":{"rendered":"\/cursos y talleres"},"content":{"rendered":"\n<p class=\"has-medium-font-size\"><\/p>\n\n\n\n<div class=\"wp-block-group alignfull has-global-padding is-layout-constrained wp-container-core-group-is-layout-ebee8dc1 wp-block-group-is-layout-constrained\" style=\"margin-top:0;margin-bottom:0;padding-top:var(--wp--preset--spacing--50);padding-bottom:var(--wp--preset--spacing--50)\">\n<div class=\"wp-block-columns alignwide is-layout-flex wp-container-core-columns-is-layout-28f84493 wp-block-columns-is-layout-flex\">\n<div class=\"wp-block-column is-layout-flow wp-block-column-is-layout-flow\">\n<figure class=\"wp-block-image size-full\" style=\"margin-bottom:24px\"><img loading=\"lazy\" decoding=\"async\" width=\"1080\" height=\"1080\" src=\"https:\/\/piotorroja.m7red.info\/wp-content\/uploads\/2026\/04\/flyers-20265.png\" alt=\"\" class=\"wp-image-129\" style=\"aspect-ratio:4\/3;object-fit:cover\" srcset=\"https:\/\/piotorroja.m7red.info\/wp-content\/uploads\/2026\/04\/flyers-20265.png 1080w, https:\/\/piotorroja.m7red.info\/wp-content\/uploads\/2026\/04\/flyers-20265-300x300.png 300w, https:\/\/piotorroja.m7red.info\/wp-content\/uploads\/2026\/04\/flyers-20265-1024x1024.png 1024w, https:\/\/piotorroja.m7red.info\/wp-content\/uploads\/2026\/04\/flyers-20265-150x150.png 150w, https:\/\/piotorroja.m7red.info\/wp-content\/uploads\/2026\/04\/flyers-20265-768x768.png 768w\" sizes=\"auto, (max-width: 1080px) 100vw, 1080px\" \/><\/figure>\n\n\n\n<h3 class=\"wp-block-heading has-small-font-size\">1\u00b0 ciclo de lectura Simondon<\/h3>\n\n\n\n<p class=\"has-small-font-size\">ene. 2026. Ciclo de lectura y discusi\u00f3n: <em>La individuaci\u00f3n, a la luz de las nociones de forma y de informaci\u00f3n<\/em> de Gilbert Simondon. Una introducci\u00f3n para artistas arquitecta\/o\/s y dise\u00f1adora\/e\/s.<\/p>\n\n\n\n<p class=\"has-small-font-size\"><\/p>\n<\/div>\n\n\n\n<div class=\"wp-block-column is-layout-flow wp-block-column-is-layout-flow\">\n<figure class=\"wp-block-image size-full\" style=\"margin-bottom:24px\"><img loading=\"lazy\" decoding=\"async\" width=\"1080\" height=\"1080\" src=\"https:\/\/piotorroja.m7red.info\/wp-content\/uploads\/2026\/04\/3-taller-de-mapeo-y-estetica6.png\" alt=\"\" class=\"wp-image-20\" style=\"aspect-ratio:4\/3;object-fit:cover\" srcset=\"https:\/\/piotorroja.m7red.info\/wp-content\/uploads\/2026\/04\/3-taller-de-mapeo-y-estetica6.png 1080w, https:\/\/piotorroja.m7red.info\/wp-content\/uploads\/2026\/04\/3-taller-de-mapeo-y-estetica6-300x300.png 300w, https:\/\/piotorroja.m7red.info\/wp-content\/uploads\/2026\/04\/3-taller-de-mapeo-y-estetica6-1024x1024.png 1024w, https:\/\/piotorroja.m7red.info\/wp-content\/uploads\/2026\/04\/3-taller-de-mapeo-y-estetica6-150x150.png 150w, https:\/\/piotorroja.m7red.info\/wp-content\/uploads\/2026\/04\/3-taller-de-mapeo-y-estetica6-768x768.png 768w\" sizes=\"auto, (max-width: 1080px) 100vw, 1080px\" \/><\/figure>\n\n\n\n<h3 class=\"wp-block-heading has-small-font-size\">guerra y espacio 2<\/h3>\n\n\n\n<p class=\"has-small-font-size\">ene. 2026. El curso abordar\u00e1 el problema de los procesos destructivos generados por la acci\u00f3n pol\u00edtica\/militar, cultural\/econ\u00f3mica  y geoambiental y antropol\u00f3gica.<\/p>\n<\/div>\n\n\n\n<div class=\"wp-block-column is-layout-flow wp-block-column-is-layout-flow\">\n<figure class=\"wp-block-image size-full\" style=\"margin-bottom:24px\"><img loading=\"lazy\" decoding=\"async\" width=\"592\" height=\"597\" src=\"https:\/\/piotorroja.m7red.info\/wp-content\/uploads\/2026\/04\/Captura-de-pantalla-2026-04-15-162643.png\" alt=\"\" class=\"wp-image-127\" style=\"aspect-ratio:4\/3;object-fit:contain\" srcset=\"https:\/\/piotorroja.m7red.info\/wp-content\/uploads\/2026\/04\/Captura-de-pantalla-2026-04-15-162643.png 592w, https:\/\/piotorroja.m7red.info\/wp-content\/uploads\/2026\/04\/Captura-de-pantalla-2026-04-15-162643-297x300.png 297w, https:\/\/piotorroja.m7red.info\/wp-content\/uploads\/2026\/04\/Captura-de-pantalla-2026-04-15-162643-150x150.png 150w\" sizes=\"auto, (max-width: 592px) 100vw, 592px\" \/><\/figure>\n\n\n\n<h3 class=\"wp-block-heading has-small-font-size\"><a href=\"https:\/\/museomoderno.org\/agenda\/la-arquitectura-como-campo-conceptual\/\">la arquitectura como campo conceptual<\/a><\/h3>\n\n\n\n<p class=\"has-small-font-size\">nov. 2025. La arquitectura como maquina de traducci\u00f3n entre procesos sociales, pol\u00edticos, ambientales tecnol\u00f3gicos y metaf\u00edsicos.<\/p>\n<\/div>\n<\/div>\n<\/div>\n\n\n\n<div class=\"wp-block-columns alignwide is-layout-flex wp-container-core-columns-is-layout-28f84493 wp-block-columns-is-layout-flex\">\n<div class=\"wp-block-column is-layout-flow wp-block-column-is-layout-flow\">\n<figure class=\"wp-block-image size-full\" style=\"margin-bottom:24px\"><img loading=\"lazy\" decoding=\"async\" width=\"1080\" height=\"1080\" src=\"https:\/\/piotorroja.m7red.info\/wp-content\/uploads\/2026\/04\/estetica-de-la-cuenca1.png\" alt=\"\" class=\"wp-image-132\" style=\"aspect-ratio:4\/3;object-fit:cover\" srcset=\"https:\/\/piotorroja.m7red.info\/wp-content\/uploads\/2026\/04\/estetica-de-la-cuenca1.png 1080w, https:\/\/piotorroja.m7red.info\/wp-content\/uploads\/2026\/04\/estetica-de-la-cuenca1-300x300.png 300w, https:\/\/piotorroja.m7red.info\/wp-content\/uploads\/2026\/04\/estetica-de-la-cuenca1-1024x1024.png 1024w, https:\/\/piotorroja.m7red.info\/wp-content\/uploads\/2026\/04\/estetica-de-la-cuenca1-150x150.png 150w, https:\/\/piotorroja.m7red.info\/wp-content\/uploads\/2026\/04\/estetica-de-la-cuenca1-768x768.png 768w\" sizes=\"auto, (max-width: 1080px) 100vw, 1080px\" \/><\/figure>\n\n\n\n<h3 class=\"wp-block-heading has-small-font-size\">est\u00e9tica de la Cuenca del Plata<\/h3>\n\n\n\n<p class=\"has-small-font-size\">sep. 2025. Taller\/ensayo: <strong><em>bit\u00e1cora de viaje, im\u00e1genes, s\u00edmbolos e indicios de encuentros<\/em><\/strong>. <strong>\u00bfPor qu\u00e9 una imagen de la Cuenca del Plata?\u00a0\u00bfQu\u00e9 rol puede tener la Cuenca en el devenir sudameric\u00e1no?<\/strong><\/p>\n<\/div>\n\n\n\n<div class=\"wp-block-column is-layout-flow wp-block-column-is-layout-flow\">\n<figure class=\"wp-block-image size-full\" style=\"margin-bottom:24px\"><a href=\"https:\/\/piotorroja.m7red.info\/?attachment_id=55\" target=\"_blank\" rel=\" noreferrer noopener\"><img loading=\"lazy\" decoding=\"async\" width=\"1080\" height=\"1080\" src=\"https:\/\/piotorroja.m7red.info\/wp-content\/uploads\/2026\/04\/supernova-pub2.png\" alt=\"\" class=\"wp-image-55\" style=\"aspect-ratio:4\/3;object-fit:cover\" srcset=\"https:\/\/piotorroja.m7red.info\/wp-content\/uploads\/2026\/04\/supernova-pub2.png 1080w, https:\/\/piotorroja.m7red.info\/wp-content\/uploads\/2026\/04\/supernova-pub2-300x300.png 300w, https:\/\/piotorroja.m7red.info\/wp-content\/uploads\/2026\/04\/supernova-pub2-1024x1024.png 1024w, https:\/\/piotorroja.m7red.info\/wp-content\/uploads\/2026\/04\/supernova-pub2-150x150.png 150w, https:\/\/piotorroja.m7red.info\/wp-content\/uploads\/2026\/04\/supernova-pub2-768x768.png 768w\" sizes=\"auto, (max-width: 1080px) 100vw, 1080px\" \/><\/a><\/figure>\n\n\n\n<h3 class=\"wp-block-heading has-small-font-size\"><a href=\"https:\/\/revistasupernova.com\/nota\/escatologia-tecnologica\" data-type=\"link\" data-id=\"https:\/\/revistasupernova.com\/nota\/escatologia-tecnologica\">Escatolog\u00eda tecnol\u00f3gica <\/a><\/h3>\n\n\n\n<p class=\"has-small-font-size\">jul. 2025. Revista Supernova: En este texto, el autor indaga c\u00f3mo, partiendo de Peter Thiel, la tecnolog\u00eda, lejos de ser neutral, se sostiene en un trasfondo teol\u00f3gico-escatol\u00f3gico heredado del judeocristianismo.<\/p>\n<\/div>\n\n\n\n<div class=\"wp-block-column is-layout-flow wp-block-column-is-layout-flow\">\n<figure class=\"wp-block-image size-full\" style=\"margin-bottom:24px\"><img loading=\"lazy\" decoding=\"async\" width=\"1080\" height=\"1080\" src=\"https:\/\/piotorroja.m7red.info\/wp-content\/uploads\/2026\/04\/3-guerrayespaciojulio25.png\" alt=\"\" class=\"wp-image-134\" style=\"aspect-ratio:4\/3;object-fit:cover\" srcset=\"https:\/\/piotorroja.m7red.info\/wp-content\/uploads\/2026\/04\/3-guerrayespaciojulio25.png 1080w, https:\/\/piotorroja.m7red.info\/wp-content\/uploads\/2026\/04\/3-guerrayespaciojulio25-300x300.png 300w, https:\/\/piotorroja.m7red.info\/wp-content\/uploads\/2026\/04\/3-guerrayespaciojulio25-1024x1024.png 1024w, https:\/\/piotorroja.m7red.info\/wp-content\/uploads\/2026\/04\/3-guerrayespaciojulio25-150x150.png 150w, https:\/\/piotorroja.m7red.info\/wp-content\/uploads\/2026\/04\/3-guerrayespaciojulio25-768x768.png 768w\" sizes=\"auto, (max-width: 1080px) 100vw, 1080px\" \/><\/figure>\n\n\n\n<h3 class=\"wp-block-heading has-small-font-size\">guerra y espacio 1<\/h3>\n\n\n\n<p class=\"has-small-font-size\">jul. 2025. una indagaci\u00f3n sobre el fen\u00f3meno de la guerra dentro del actual proceso de transici\u00f3n hist\u00f3rica entre la unipolaridad y la multipolaridad.<\/p>\n<\/div>\n<\/div>\n\n\n\n<div class=\"wp-block-columns alignwide is-layout-flex wp-container-core-columns-is-layout-28f84493 wp-block-columns-is-layout-flex\">\n<div class=\"wp-block-column is-layout-flow wp-block-column-is-layout-flow\">\n<figure class=\"wp-block-image size-full\" style=\"margin-bottom:24px\"><img loading=\"lazy\" decoding=\"async\" width=\"1005\" height=\"624\" src=\"https:\/\/piotorroja.m7red.info\/wp-content\/uploads\/2026\/04\/Captura-de-pantalla-2026-04-15-165124.png\" alt=\"\" class=\"wp-image-135\" style=\"aspect-ratio:4\/3;object-fit:cover\" srcset=\"https:\/\/piotorroja.m7red.info\/wp-content\/uploads\/2026\/04\/Captura-de-pantalla-2026-04-15-165124.png 1005w, https:\/\/piotorroja.m7red.info\/wp-content\/uploads\/2026\/04\/Captura-de-pantalla-2026-04-15-165124-300x186.png 300w, https:\/\/piotorroja.m7red.info\/wp-content\/uploads\/2026\/04\/Captura-de-pantalla-2026-04-15-165124-768x477.png 768w\" sizes=\"auto, (max-width: 1005px) 100vw, 1005px\" \/><\/figure>\n\n\n\n<h3 class=\"wp-block-heading has-small-font-size\"><a href=\"https:\/\/revistasupernova.com\/nota\/tuneles-bajo-la-cibernetica-tecnicas-y-tecnologias-de-guerra\">T\u00fanenes bajo la cibern\u00e9tica<\/a><\/h3>\n\n\n\n<p class=\"has-small-font-size\">mar. 2025. Revista Supernova: La guerra demuestra la convivencia de ecosistemas tecnol\u00f3gicos integrados con t\u00e9cnicas descentralizadas, subterr\u00e1neas.\u00a0<\/p>\n<\/div>\n\n\n\n<div class=\"wp-block-column is-layout-flow wp-block-column-is-layout-flow\">\n<figure class=\"wp-block-image size-full\" style=\"margin-bottom:24px\"><img loading=\"lazy\" decoding=\"async\" width=\"1080\" height=\"1080\" src=\"https:\/\/piotorroja.m7red.info\/wp-content\/uploads\/2026\/04\/1-1.png\" alt=\"\" class=\"wp-image-139\" style=\"aspect-ratio:4\/3;object-fit:cover\" srcset=\"https:\/\/piotorroja.m7red.info\/wp-content\/uploads\/2026\/04\/1-1.png 1080w, https:\/\/piotorroja.m7red.info\/wp-content\/uploads\/2026\/04\/1-1-300x300.png 300w, https:\/\/piotorroja.m7red.info\/wp-content\/uploads\/2026\/04\/1-1-1024x1024.png 1024w, https:\/\/piotorroja.m7red.info\/wp-content\/uploads\/2026\/04\/1-1-150x150.png 150w, https:\/\/piotorroja.m7red.info\/wp-content\/uploads\/2026\/04\/1-1-768x768.png 768w\" sizes=\"auto, (max-width: 1080px) 100vw, 1080px\" \/><\/figure>\n\n\n\n<h3 class=\"wp-block-heading has-small-font-size\">mapas cognitivos<\/h3>\n\n\n\n<p class=\"has-small-font-size\">abr. 2025. El taller aborda el dif\u00edcil pasaje entre dos escalas; los datos vivenciales, perceptivos (nuestra posici\u00f3n) y los flujos de informaci\u00f3n y los hechos (los esquemas de totalidad).<\/p>\n<\/div>\n\n\n\n<div class=\"wp-block-column is-layout-flow wp-block-column-is-layout-flow\">\n<figure class=\"wp-block-image size-full\" style=\"margin-bottom:24px\"><img loading=\"lazy\" decoding=\"async\" width=\"1080\" height=\"1080\" src=\"https:\/\/piotorroja.m7red.info\/wp-content\/uploads\/2026\/04\/9.png\" alt=\"\" class=\"wp-image-138\" style=\"aspect-ratio:4\/3;object-fit:cover\" srcset=\"https:\/\/piotorroja.m7red.info\/wp-content\/uploads\/2026\/04\/9.png 1080w, https:\/\/piotorroja.m7red.info\/wp-content\/uploads\/2026\/04\/9-300x300.png 300w, https:\/\/piotorroja.m7red.info\/wp-content\/uploads\/2026\/04\/9-1024x1024.png 1024w, https:\/\/piotorroja.m7red.info\/wp-content\/uploads\/2026\/04\/9-150x150.png 150w, https:\/\/piotorroja.m7red.info\/wp-content\/uploads\/2026\/04\/9-768x768.png 768w\" sizes=\"auto, (max-width: 1080px) 100vw, 1080px\" \/><\/figure>\n\n\n\n<h3 class=\"wp-block-heading has-small-font-size\">est\u00e9tica y de-framing<\/h3>\n\n\n\n<p class=\"has-small-font-size\">la est\u00e9tica representa un campo de la percepci\u00f3n y la intelecci\u00f3n cuya funci\u00f3n es la captaci\u00f3n sint\u00e9tica de una totalidad m\u00e1s all\u00e1 de la raz\u00f3n y la l\u00f3gica; y esto no significa que en ella no trabajen ni la raz\u00f3n, ni la l\u00f3gica&#8230;<\/p>\n<\/div>\n<\/div>\n\n\n\n<aside class=\"wp-block-group alignfull is-style-section-3 has-base-background-color has-background has-global-padding is-layout-constrained wp-container-core-group-is-layout-f0f2a97b wp-block-group-is-layout-constrained is-style-section-3--1\" style=\"margin-top:0;margin-bottom:0;padding-top:var(--wp--preset--spacing--50);padding-right:var(--wp--preset--spacing--50);padding-bottom:var(--wp--preset--spacing--50);padding-left:var(--wp--preset--spacing--50)\">\n<div class=\"wp-block-group is-vertical is-content-justification-center is-layout-flex wp-container-core-group-is-layout-8778ca4a wp-block-group-is-layout-flex\" style=\"min-height:360px;margin-top:0;margin-bottom:0\">\n<h2 class=\"wp-block-heading has-text-align-center has-large-font-size\">ciclos de reflexi\u00f3n y talleres, pio torroja<\/h2>\n\n\n\n<div style=\"height:0px\" aria-hidden=\"true\" class=\"wp-block-spacer wp-container-content-62aae154\"><\/div>\n\n\n\n<div class=\"wp-block-buttons is-content-justification-center is-layout-flex wp-container-core-buttons-is-layout-a89b3969 wp-block-buttons-is-layout-flex\">\n<div class=\"wp-block-button\"><a class=\"wp-block-button__link has-text-align-center wp-element-button\">Subscribe<\/a><\/div>\n<\/div>\n<\/div>\n<\/aside>\n","protected":false},"excerpt":{"rendered":"<p>1\u00b0 ciclo de lectura Simondon ene. 2026. Ciclo de lectura y discusi\u00f3n: La individuaci\u00f3n, a la luz de las nociones de forma y de informaci\u00f3n de Gilbert Simondon. Una introducci\u00f3n para artistas arquitecta\/o\/s y dise\u00f1adora\/e\/s. guerra y espacio 2 ene. 2026. El curso abordar\u00e1 el problema de los procesos destructivos generados por la acci\u00f3n pol\u00edtica\/militar, [&hellip;]<\/p>\n","protected":false},"author":2,"featured_media":0,"parent":0,"menu_order":0,"comment_status":"closed","ping_status":"closed","template":"","meta":{"footnotes":""},"class_list":["post-18","page","type-page","status-publish","hentry"],"_links":{"self":[{"href":"https:\/\/piotorroja.m7red.info\/index.php?rest_route=\/wp\/v2\/pages\/18","targetHints":{"allow":["GET"]}}],"collection":[{"href":"https:\/\/piotorroja.m7red.info\/index.php?rest_route=\/wp\/v2\/pages"}],"about":[{"href":"https:\/\/piotorroja.m7red.info\/index.php?rest_route=\/wp\/v2\/types\/page"}],"author":[{"embeddable":true,"href":"https:\/\/piotorroja.m7red.info\/index.php?rest_route=\/wp\/v2\/users\/2"}],"replies":[{"embeddable":true,"href":"https:\/\/piotorroja.m7red.info\/index.php?rest_route=%2Fwp%2Fv2%2Fcomments&post=18"}],"version-history":[{"count":17,"href":"https:\/\/piotorroja.m7red.info\/index.php?rest_route=\/wp\/v2\/pages\/18\/revisions"}],"predecessor-version":[{"id":142,"href":"https:\/\/piotorroja.m7red.info\/index.php?rest_route=\/wp\/v2\/pages\/18\/revisions\/142"}],"wp:attachment":[{"href":"https:\/\/piotorroja.m7red.info\/index.php?rest_route=%2Fwp%2Fv2%2Fmedia&parent=18"}],"curies":[{"name":"wp","href":"https:\/\/api.w.org\/{rel}","templated":true}]}}